{"id":152,"date":"2026-03-23T15:11:23","date_gmt":"2026-03-23T15:11:23","guid":{"rendered":"https:\/\/beautyhair.re\/?page_id=152"},"modified":"2026-03-23T15:25:02","modified_gmt":"2026-03-23T15:25:02","slug":"152-2","status":"publish","type":"page","link":"https:\/\/beautyhair.re\/?page_id=152","title":{"rendered":"Contact"},"content":{"rendered":"\n[et_pb_section fb_built=\u00a0\u00bb1&Prime; _builder_version=\u00a0\u00bb4.27.6&Prime; _module_preset=\u00a0\u00bbdefault\u00a0\u00bb global_colors_info=\u00a0\u00bb{}\u00a0\u00bb][et_pb_row column_structure=\u00a0\u00bb3_5,2_5&Prime; _builder_version=\u00a0\u00bb4.27.6&Prime; _module_preset=\u00a0\u00bbdefault\u00a0\u00bb global_colors_info=\u00a0\u00bb{}\u00a0\u00bb][et_pb_column type=\u00a0\u00bb3_5&Prime; _builder_version=\u00a0\u00bb4.27.6&Prime; _module_preset=\u00a0\u00bbdefault\u00a0\u00bb global_colors_info=\u00a0\u00bb{}\u00a0\u00bb][et_pb_contact_form _builder_version=\u00a0\u00bb4.27.6&Prime; _module_preset=\u00a0\u00bbdefault\u00a0\u00bb _unique_id=\u00a0\u00bb48c4ec45-912b-4d17-b887-e954ee45f308&Prime; global_colors_info=\u00a0\u00bb{}\u00a0\u00bb][et_pb_contact_field field_id=\u00a0\u00bbName\u00a0\u00bb field_title=\u00a0\u00bbNom\u00a0\u00bb _builder_version=\u00a0\u00bb4.16&Prime; global_colors_info=\u00a0\u00bb{}\u00a0\u00bb button_text_size__hover_enabled=\u00a0\u00bboff\u00a0\u00bb button_one_text_size__hover_enabled=\u00a0\u00bboff\u00a0\u00bb button_two_text_size__hover_enabled=\u00a0\u00bboff\u00a0\u00bb button_text_color__hover_enabled=\u00a0\u00bboff\u00a0\u00bb button_one_text_color__hover_enabled=\u00a0\u00bboff\u00a0\u00bb button_two_text_color__hover_enabled=\u00a0\u00bboff\u00a0\u00bb button_border_width__hover_enabled=\u00a0\u00bboff\u00a0\u00bb button_one_border_width__hover_enabled=\u00a0\u00bboff\u00a0\u00bb button_two_border_width__hover_enabled=\u00a0\u00bboff\u00a0\u00bb button_border_color__hover_enabled=\u00a0\u00bboff\u00a0\u00bb button_one_border_color__hover_enabled=\u00a0\u00bboff\u00a0\u00bb button_two_border_color__hover_enabled=\u00a0\u00bboff\u00a0\u00bb button_border_radius__hover_enabled=\u00a0\u00bboff\u00a0\u00bb button_one_border_radius__hover_enabled=\u00a0\u00bboff\u00a0\u00bb button_two_border_radius__hover_enabled=\u00a0\u00bboff\u00a0\u00bb button_letter_spacing__hover_enabled=\u00a0\u00bboff\u00a0\u00bb button_one_letter_spacing__hover_enabled=\u00a0\u00bboff\u00a0\u00bb button_two_letter_spacing__hover_enabled=\u00a0\u00bboff\u00a0\u00bb button_bg_color__hover_enabled=\u00a0\u00bboff\u00a0\u00bb button_one_bg_color__hover_enabled=\u00a0\u00bboff\u00a0\u00bb button_two_bg_color__hover_enabled=\u00a0\u00bboff\u00a0\u00bb][\/et_pb_contact_field][et_pb_contact_field field_id=\u00a0\u00bbEmail\u00a0\u00bb field_title=\u00a0\u00bbAdresse e-mail\u00a0\u00bb field_type=\u00a0\u00bbemail\u00a0\u00bb _builder_version=\u00a0\u00bb4.16&Prime; global_colors_info=\u00a0\u00bb{}\u00a0\u00bb button_text_size__hover_enabled=\u00a0\u00bboff\u00a0\u00bb button_one_text_size__hover_enabled=\u00a0\u00bboff\u00a0\u00bb button_two_text_size__hover_enabled=\u00a0\u00bboff\u00a0\u00bb button_text_color__hover_enabled=\u00a0\u00bboff\u00a0\u00bb button_one_text_color__hover_enabled=\u00a0\u00bboff\u00a0\u00bb button_two_text_color__hover_enabled=\u00a0\u00bboff\u00a0\u00bb button_border_width__hover_enabled=\u00a0\u00bboff\u00a0\u00bb button_one_border_width__hover_enabled=\u00a0\u00bboff\u00a0\u00bb button_two_border_width__hover_enabled=\u00a0\u00bboff\u00a0\u00bb button_border_color__hover_enabled=\u00a0\u00bboff\u00a0\u00bb button_one_border_color__hover_enabled=\u00a0\u00bboff\u00a0\u00bb button_two_border_color__hover_enabled=\u00a0\u00bboff\u00a0\u00bb button_border_radius__hover_enabled=\u00a0\u00bboff\u00a0\u00bb button_one_border_radius__hover_enabled=\u00a0\u00bboff\u00a0\u00bb button_two_border_radius__hover_enabled=\u00a0\u00bboff\u00a0\u00bb button_letter_spacing__hover_enabled=\u00a0\u00bboff\u00a0\u00bb button_one_letter_spacing__hover_enabled=\u00a0\u00bboff\u00a0\u00bb button_two_letter_spacing__hover_enabled=\u00a0\u00bboff\u00a0\u00bb button_bg_color__hover_enabled=\u00a0\u00bboff\u00a0\u00bb button_one_bg_color__hover_enabled=\u00a0\u00bboff\u00a0\u00bb button_two_bg_color__hover_enabled=\u00a0\u00bboff\u00a0\u00bb][\/et_pb_contact_field][et_pb_contact_field field_id=\u00a0\u00bbMessage\u00a0\u00bb field_title=\u00a0\u00bbMessage\u00a0\u00bb field_type=\u00a0\u00bbtext\u00a0\u00bb fullwidth_field=\u00a0\u00bbon\u00a0\u00bb _builder_version=\u00a0\u00bb4.16&Prime; global_colors_info=\u00a0\u00bb{}\u00a0\u00bb button_text_size__hover_enabled=\u00a0\u00bboff\u00a0\u00bb button_one_text_size__hover_enabled=\u00a0\u00bboff\u00a0\u00bb button_two_text_size__hover_enabled=\u00a0\u00bboff\u00a0\u00bb button_text_color__hover_enabled=\u00a0\u00bboff\u00a0\u00bb button_one_text_color__hover_enabled=\u00a0\u00bboff\u00a0\u00bb button_two_text_color__hover_enabled=\u00a0\u00bboff\u00a0\u00bb button_border_width__hover_enabled=\u00a0\u00bboff\u00a0\u00bb button_one_border_width__hover_enabled=\u00a0\u00bboff\u00a0\u00bb button_two_border_width__hover_enabled=\u00a0\u00bboff\u00a0\u00bb button_border_color__hover_enabled=\u00a0\u00bboff\u00a0\u00bb button_one_border_color__hover_enabled=\u00a0\u00bboff\u00a0\u00bb button_two_border_color__hover_enabled=\u00a0\u00bboff\u00a0\u00bb button_border_radius__hover_enabled=\u00a0\u00bboff\u00a0\u00bb button_one_border_radius__hover_enabled=\u00a0\u00bboff\u00a0\u00bb button_two_border_radius__hover_enabled=\u00a0\u00bboff\u00a0\u00bb button_letter_spacing__hover_enabled=\u00a0\u00bboff\u00a0\u00bb button_one_letter_spacing__hover_enabled=\u00a0\u00bboff\u00a0\u00bb button_two_letter_spacing__hover_enabled=\u00a0\u00bboff\u00a0\u00bb button_bg_color__hover_enabled=\u00a0\u00bboff\u00a0\u00bb button_one_bg_color__hover_enabled=\u00a0\u00bboff\u00a0\u00bb button_two_bg_color__hover_enabled=\u00a0\u00bboff\u00a0\u00bb][\/et_pb_contact_field][\/et_pb_contact_form][\/et_pb_column][et_pb_column type=\u00a0\u00bb2_5&Prime; _builder_version=\u00a0\u00bb4.27.6&Prime; _module_preset=\u00a0\u00bbdefault\u00a0\u00bb global_colors_info=\u00a0\u00bb{}\u00a0\u00bb][et_pb_text disabled_on=\u00a0\u00bbon|off|on\u00a0\u00bb _builder_version=\u00a0\u00bb4.27.6&Prime; _module_preset=\u00a0\u00bbdefault\u00a0\u00bb text_font_size=\u00a0\u00bb20px\u00a0\u00bb text_letter_spacing=\u00a0\u00bb9px\u00a0\u00bb text_line_height=\u00a0\u00bb1.5em\u00a0\u00bb custom_margin=\u00a0\u00bb||0px||false|false\u00a0\u00bb custom_padding=\u00a0\u00bb||0px||false|false\u00a0\u00bb filter_brightness=\u00a0\u00bb151%\u00a0\u00bb text_text_shadow_style=\u00a0\u00bbpreset5&Prime; text_text_shadow_horizontal_length=\u00a0\u00bb0.23em\u00a0\u00bb text_text_shadow_vertical_length=\u00a0\u00bb0.16em\u00a0\u00bb global_colors_info=\u00a0\u00bb{}\u00a0\u00bb]<h1>Contactez-nous<\/h1>[\/et_pb_text][et_pb_text _builder_version=\u00a0\u00bb4.27.6&Prime; _module_preset=\u00a0\u00bbdefault\u00a0\u00bb hover_enabled=\u00a0\u00bb0&Prime; sticky_enabled=\u00a0\u00bb0&Prime;]<p data-start=\"74\" data-end=\"327\">Pour toute question, demande de devis ou simple h\u00e9sitation, notre \u00e9quipe est \u00e0 votre \u00e9coute afin de vous accompagner dans vos besoins. N\u2019h\u00e9sitez pas \u00e0 nous contacter : nous nous engageons \u00e0 vous apporter une r\u00e9ponse personnalis\u00e9e sous 48 heures ouvr\u00e9es.<\/p>\n<p data-start=\"329\" data-end=\"548\">Vous pouvez \u00e9galement venir nous rencontrer directement dans notre boutique physique situ\u00e9e au 34 Avenue de la beaute, Bordeaux. Pour un contact rapide, nous sommes joignables par t\u00e9l\u00e9phone au 06 07 08 09 10.<\/p>\n<p data-start=\"550\" data-end=\"733\">Enfin, pensez \u00e0 vous inscrire \u00e0 notre newsletter pour rester inform\u00e9, des conseils beaut\u00e9. Nous serons ravis de vous compter parmi notre communaut\u00e9.<\/p>[\/et_pb_text][\/et_pb_column][\/et_pb_row][\/et_pb_section]\n","protected":false},"excerpt":{"rendered":"<p>Contactez-nousPour toute question, demande de devis ou simple h\u00e9sitation, notre \u00e9quipe est \u00e0 votre \u00e9coute afin de vous accompagner dans vos besoins. N\u2019h\u00e9sitez pas \u00e0 nous contacter : nous nous engageons \u00e0 vous apporter une r\u00e9ponse personnalis\u00e9e sous 48 heures ouvr\u00e9es. Vous pouvez \u00e9galement venir nous rencontrer directement dans notre boutique physique situ\u00e9e au 34 [&hellip;]<\/p>\n","protected":false},"author":1,"featured_media":0,"parent":0,"menu_order":0,"comment_status":"closed","ping_status":"closed","template":"","meta":{"_et_pb_use_builder":"on","_et_pb_old_content":"","_et_gb_content_width":"","footnotes":""},"class_list":["post-152","page","type-page","status-publish","hentry"],"yoast_head":"<!-- This site is optimized with the Yoast SEO plugin v27.0 - https:\/\/yoast.com\/product\/yoast-seo-wordpress\/ -->\n<title>Contact - Beautyhair<\/title>\n<meta name=\"description\" content=\"Contactez-nousPour toute question, demande de devis ou simple h\u00e9sitation, notre \u00e9quipe est \u00e0 votre \u00e9coute afin de vous accompagner dans vos besoins. N\u2019h\u00e9sitez pas \u00e0 nous contacter : nous nous engageons \u00e0 vous apporter une r\u00e9ponse personnalis\u00e9e sous 48 heures ouvr\u00e9es. Vous pouvez \u00e9galement venir nous rencontrer directement dans notre boutique physique situ\u00e9e au 34 [&hellip;]\" \/>\n<meta name=\"robots\" content=\"index, follow, max-snippet:-1, max-image-preview:large, max-video-preview:-1\" \/>\n<link rel=\"canonical\" href=\"https:\/\/beautyhair.re\/?page_id=152\" \/>\n<meta property=\"og:locale\" content=\"fr_FR\" \/>\n<meta property=\"og:type\" content=\"article\" \/>\n<meta property=\"og:title\" content=\"Contact - Beautyhair\" \/>\n<meta property=\"og:description\" content=\"Contactez-nousPour toute question, demande de devis ou simple h\u00e9sitation, notre \u00e9quipe est \u00e0 votre \u00e9coute afin de vous accompagner dans vos besoins. N\u2019h\u00e9sitez pas \u00e0 nous contacter : nous nous engageons \u00e0 vous apporter une r\u00e9ponse personnalis\u00e9e sous 48 heures ouvr\u00e9es. Vous pouvez \u00e9galement venir nous rencontrer directement dans notre boutique physique situ\u00e9e au 34 [&hellip;]\" \/>\n<meta property=\"og:url\" content=\"https:\/\/beautyhair.re\/?page_id=152\" \/>\n<meta property=\"og:site_name\" content=\"Beautyhair\" \/>\n<meta property=\"article:modified_time\" content=\"2026-03-23T15:25:02+00:00\" \/>\n<meta name=\"twitter:card\" content=\"summary_large_image\" \/>\n<meta name=\"twitter:label1\" content=\"Dur\u00e9e de lecture estim\u00e9e\" \/>\n\t<meta name=\"twitter:data1\" content=\"1 minute\" \/>\n<script type=\"application\/ld+json\" class=\"yoast-schema-graph\">{\"@context\":\"https:\/\/schema.org\",\"@graph\":[{\"@type\":\"WebPage\",\"@id\":\"https:\/\/beautyhair.re\/?page_id=152\",\"url\":\"https:\/\/beautyhair.re\/?page_id=152\",\"name\":\"Contact - Beautyhair\",\"isPartOf\":{\"@id\":\"https:\/\/beautyhair.re\/#website\"},\"datePublished\":\"2026-03-23T15:11:23+00:00\",\"dateModified\":\"2026-03-23T15:25:02+00:00\",\"breadcrumb\":{\"@id\":\"https:\/\/beautyhair.re\/?page_id=152#breadcrumb\"},\"inLanguage\":\"fr-FR\",\"potentialAction\":[{\"@type\":\"ReadAction\",\"target\":[\"https:\/\/beautyhair.re\/?page_id=152\"]}]},{\"@type\":\"BreadcrumbList\",\"@id\":\"https:\/\/beautyhair.re\/?page_id=152#breadcrumb\",\"itemListElement\":[{\"@type\":\"ListItem\",\"position\":1,\"name\":\"Accueil\",\"item\":\"https:\/\/beautyhair.re\/\"},{\"@type\":\"ListItem\",\"position\":2,\"name\":\"Contact\"}]},{\"@type\":\"WebSite\",\"@id\":\"https:\/\/beautyhair.re\/#website\",\"url\":\"https:\/\/beautyhair.re\/\",\"name\":\"Beautyhair\",\"description\":\"La beaut\u00e9 est un \u00e9tats d&#039;esprit\",\"potentialAction\":[{\"@type\":\"SearchAction\",\"target\":{\"@type\":\"EntryPoint\",\"urlTemplate\":\"https:\/\/beautyhair.re\/?s={search_term_string}\"},\"query-input\":{\"@type\":\"PropertyValueSpecification\",\"valueRequired\":true,\"valueName\":\"search_term_string\"}}],\"inLanguage\":\"fr-FR\"}]}<\/script>\n<!-- \/ Yoast SEO plugin. -->","yoast_head_json":{"title":"Contact - Beautyhair","description":"Contactez-nousPour toute question, demande de devis ou simple h\u00e9sitation, notre \u00e9quipe est \u00e0 votre \u00e9coute afin de vous accompagner dans vos besoins. N\u2019h\u00e9sitez pas \u00e0 nous contacter : nous nous engageons \u00e0 vous apporter une r\u00e9ponse personnalis\u00e9e sous 48 heures ouvr\u00e9es. Vous pouvez \u00e9galement venir nous rencontrer directement dans notre boutique physique situ\u00e9e au 34 [&hellip;]","robots":{"index":"index","follow":"follow","max-snippet":"max-snippet:-1","max-image-preview":"max-image-preview:large","max-video-preview":"max-video-preview:-1"},"canonical":"https:\/\/beautyhair.re\/?page_id=152","og_locale":"fr_FR","og_type":"article","og_title":"Contact - Beautyhair","og_description":"Contactez-nousPour toute question, demande de devis ou simple h\u00e9sitation, notre \u00e9quipe est \u00e0 votre \u00e9coute afin de vous accompagner dans vos besoins. N\u2019h\u00e9sitez pas \u00e0 nous contacter : nous nous engageons \u00e0 vous apporter une r\u00e9ponse personnalis\u00e9e sous 48 heures ouvr\u00e9es. Vous pouvez \u00e9galement venir nous rencontrer directement dans notre boutique physique situ\u00e9e au 34 [&hellip;]","og_url":"https:\/\/beautyhair.re\/?page_id=152","og_site_name":"Beautyhair","article_modified_time":"2026-03-23T15:25:02+00:00","twitter_card":"summary_large_image","twitter_misc":{"Dur\u00e9e de lecture estim\u00e9e":"1 minute"},"schema":{"@context":"https:\/\/schema.org","@graph":[{"@type":"WebPage","@id":"https:\/\/beautyhair.re\/?page_id=152","url":"https:\/\/beautyhair.re\/?page_id=152","name":"Contact - Beautyhair","isPartOf":{"@id":"https:\/\/beautyhair.re\/#website"},"datePublished":"2026-03-23T15:11:23+00:00","dateModified":"2026-03-23T15:25:02+00:00","breadcrumb":{"@id":"https:\/\/beautyhair.re\/?page_id=152#breadcrumb"},"inLanguage":"fr-FR","potentialAction":[{"@type":"ReadAction","target":["https:\/\/beautyhair.re\/?page_id=152"]}]},{"@type":"BreadcrumbList","@id":"https:\/\/beautyhair.re\/?page_id=152#breadcrumb","itemListElement":[{"@type":"ListItem","position":1,"name":"Accueil","item":"https:\/\/beautyhair.re\/"},{"@type":"ListItem","position":2,"name":"Contact"}]},{"@type":"WebSite","@id":"https:\/\/beautyhair.re\/#website","url":"https:\/\/beautyhair.re\/","name":"Beautyhair","description":"La beaut\u00e9 est un \u00e9tats d&#039;esprit","potentialAction":[{"@type":"SearchAction","target":{"@type":"EntryPoint","urlTemplate":"https:\/\/beautyhair.re\/?s={search_term_string}"},"query-input":{"@type":"PropertyValueSpecification","valueRequired":true,"valueName":"search_term_string"}}],"inLanguage":"fr-FR"}]}},"_links":{"self":[{"href":"https:\/\/beautyhair.re\/index.php?rest_route=\/wp\/v2\/pages\/152","targetHints":{"allow":["GET"]}}],"collection":[{"href":"https:\/\/beautyhair.re\/index.php?rest_route=\/wp\/v2\/pages"}],"about":[{"href":"https:\/\/beautyhair.re\/index.php?rest_route=\/wp\/v2\/types\/page"}],"author":[{"embeddable":true,"href":"https:\/\/beautyhair.re\/index.php?rest_route=\/wp\/v2\/users\/1"}],"replies":[{"embeddable":true,"href":"https:\/\/beautyhair.re\/index.php?rest_route=%2Fwp%2Fv2%2Fcomments&post=152"}],"version-history":[{"count":5,"href":"https:\/\/beautyhair.re\/index.php?rest_route=\/wp\/v2\/pages\/152\/revisions"}],"predecessor-version":[{"id":161,"href":"https:\/\/beautyhair.re\/index.php?rest_route=\/wp\/v2\/pages\/152\/revisions\/161"}],"wp:attachment":[{"href":"https:\/\/beautyhair.re\/index.php?rest_route=%2Fwp%2Fv2%2Fmedia&parent=152"}],"curies":[{"name":"wp","href":"https:\/\/api.w.org\/{rel}","templated":true}]}}